{"id":1568,"date":"2019-05-01T02:36:22","date_gmt":"2019-05-01T02:36:22","guid":{"rendered":"http:\/\/arkahost.com\/?page_id=1568"},"modified":"2019-12-27T01:12:29","modified_gmt":"2019-12-27T04:12:29","slug":"vps","status":"publish","type":"page","link":"https:\/\/www.hostingcapital.cl\/new\/vps\/","title":{"rendered":"VPS"},"content":{"rendered":"<p>[vc_row king_class=&#8221;price_compare&#8221; king_class_container=&#8221;table-wrapper&#8221;][vc_column]<h1 class=\"caps\"><strong>\nVPS\n<\/strong>\n<center>M\u00e1s control y potencia que un plan de hosting, el paso anterior a un servidor dedicado.<\/center><\/h1><div class=\"clearfix margin_top5\"><\/div>[vc_row_inner][vc_column_inner el_class=&#8221;first rowfirst first-row&#8221; el_animate=&#8221;animated eff-fadeIn&#8221; width=&#8221;1\/4&#8243; el_delay=&#8221;200&#8243;][vc_column_text el_class=&#8221;title&#8221;]<\/p>\n<div class=\"arrow_box\">\n<h5>Caracter\u00edsticas<\/h5>\n<h3 class=\"caps\">ELIGE TU PLAN<\/h3>\n<\/div>\n<p>[\/vc_column_text][\/vc_column_inner][vc_column_inner el_class=&#8221;rowsremain first-row&#8221; el_animate=&#8221;animated eff-fadeIn&#8221; width=&#8221;1\/4&#8243; el_delay=&#8221;300&#8243;][vc_column_text el_class=&#8221;prices&#8221;]<\/p>\n<h4 class=\"caps\">VPS-50<\/h4>\n<p><strong>$59.500<i>\/Mensual<\/i><\/strong><b><\/b><a href=\"https:\/\/clientes.hostingcapital.cl\/cart.php?a=add&amp;pid=61\">Contratar<\/a>[\/vc_column_text][\/vc_column_inner][vc_column_inner el_class=&#8221;rowsremain first-row center&#8221; el_animate=&#8221;animated eff-fadeIn&#8221; width=&#8221;1\/4&#8243; el_delay=&#8221;400&#8243;][vc_column_text el_class=&#8221;prices&#8221;]<\/p>\n<p class=\"span\">Mejor Precio<\/p>\n<h4 class=\"caps\">VPS-100<\/h4>\n<p><strong>$89.250<i>\/Mensual<\/i><\/strong><b><\/b><a href=\"https:\/\/clientes.hostingcapital.cl\/cart.php?a=add&amp;pid=601\">Contratar<\/a>[\/vc_column_text][\/vc_column_inner][vc_column_inner el_class=&#8221;rowsremain first-row last&#8221; el_animate=&#8221;animated eff-fadeIn&#8221; width=&#8221;1\/4&#8243; el_delay=&#8221;500&#8243;][vc_column_text el_class=&#8221;prices&#8221;]<\/p>\n<h4 class=\"caps\">VPS-150<\/h4>\n<p><strong>$130.900<i>\/Mensual<\/i><\/strong><b><\/b><a href=\"https:\/\/clientes.hostingcapital.cl\/cart.php?a=add&amp;pid=66\">Contratar<\/a>[\/vc_column_text][\/vc_column_inner][\/vc_row_inner][vc_row_inner king_class=&#8221;th&#8221;][vc_column_inner el_class=&#8221;first rowfirst&#8221; width=&#8221;1\/4&#8243;][vc_column_text]Espacio en disco[\/vc_column_text][\/vc_column_inner][vc_column_inner el_class=&#8221;rowsremain&#8221; width=&#8221;1\/4&#8243;][vc_column_text]50 GB[\/vc_column_text][\/vc_column_inner][vc_column_inner el_class=&#8221;rowsremain&#8221; width=&#8221;1\/4&#8243;][vc_column_text]100 GB[\/vc_column_text][\/vc_column_inner][vc_column_inner el_class=&#8221;rowsremain last&#8221; width=&#8221;1\/4&#8243;][vc_column_text]150 GB[\/vc_column_text][\/vc_column_inner][\/vc_row_inner][vc_row_inner king_class=&#8221;th&#8221;][vc_column_inner el_class=&#8221;first rowfirst&#8221; width=&#8221;1\/4&#8243;][vc_column_text]Memoria RAM[\/vc_column_text][\/vc_column_inner][vc_column_inner el_class=&#8221;rowsremain&#8221; width=&#8221;1\/4&#8243;][vc_column_text]1 GB[\/vc_column_text][\/vc_column_inner][vc_column_inner el_class=&#8221;rowsremain&#8221; width=&#8221;1\/4&#8243;][vc_column_text]2 GB[\/vc_column_text][\/vc_column_inner][vc_column_inner el_class=&#8221;rowsremain last&#8221; width=&#8221;1\/4&#8243;][vc_column_text]3 GB[\/vc_column_text][\/vc_column_inner][\/vc_row_inner][vc_row_inner king_class=&#8221;td&#8221;][vc_column_inner el_class=&#8221;first rowfirst&#8221; width=&#8221;1\/4&#8243;][vc_column_text]Transferencia Ilimitada[\/vc_column_text][\/vc_column_inner][vc_column_inner el_class=&#8221;rowsremain&#8221; width=&#8221;1\/4&#8243;][vc_column_text]<\/p>\n<div class=\"fas fa-check sitecolor\"><\/div>\n<p>[\/vc_column_text][\/vc_column_inner][vc_column_inner el_class=&#8221;rowsremain&#8221; width=&#8221;1\/4&#8243;][vc_column_text]<\/p>\n<div class=\"fas fa-check sitecolor\"><\/div>\n<p>[\/vc_column_text][\/vc_column_inner][vc_column_inner el_class=&#8221;rowsremain last&#8221; width=&#8221;1\/4&#8243;][vc_column_text]<\/p>\n<div class=\"fas fa-check sitecolor\"><\/div>\n<p>[\/vc_column_text][\/vc_column_inner][\/vc_row_inner][vc_row_inner king_class=&#8221;td&#8221;][vc_column_inner el_class=&#8221;first rowfirst&#8221; width=&#8221;1\/4&#8243;][vc_column_text]Direcciones IP exclusivas[\/vc_column_text][\/vc_column_inner][vc_column_inner el_class=&#8221;rowsremain&#8221; width=&#8221;1\/4&#8243;][vc_column_text]1[\/vc_column_text][\/vc_column_inner][vc_column_inner el_class=&#8221;rowsremain&#8221; width=&#8221;1\/4&#8243;][vc_column_text]1[\/vc_column_text][\/vc_column_inner][vc_column_inner el_class=&#8221;rowsremain last&#8221; width=&#8221;1\/4&#8243;][vc_column_text]1[\/vc_column_text][\/vc_column_inner][\/vc_row_inner][vc_row_inner king_class=&#8221;th&#8221;][vc_column_inner el_class=&#8221;first rowfirst&#8221; width=&#8221;1\/4&#8243;][vc_column_text]Uptime[\/vc_column_text][\/vc_column_inner][vc_column_inner el_class=&#8221;rowsremain&#8221; width=&#8221;1\/4&#8243;][vc_column_text]99.9%[\/vc_column_text][\/vc_column_inner][vc_column_inner el_class=&#8221;rowsremain&#8221; width=&#8221;1\/4&#8243;][vc_column_text]99.9%[\/vc_column_text][\/vc_column_inner][vc_column_inner el_class=&#8221;rowsremain last&#8221; width=&#8221;1\/4&#8243;][vc_column_text]<\/p>\n<div class=\"fas fa-check sitecolor\">99.9%<\/div>\n<p>[\/vc_column_text][\/vc_column_inner][\/vc_row_inner][vc_row_inner king_class=&#8221;th&#8221;][vc_column_inner el_class=&#8221;first rowfirst&#8221; width=&#8221;1\/4&#8243;][vc_column_text]Panel de control cPanel[\/vc_column_text][\/vc_column_inner][vc_column_inner el_class=&#8221;rowsremain&#8221; width=&#8221;1\/4&#8243;][vc_column_text]<\/p>\n<div class=\"fas fa-check sitecolor\"><\/div>\n<p>[\/vc_column_text][\/vc_column_inner][vc_column_inner el_class=&#8221;rowsremain&#8221; width=&#8221;1\/4&#8243;][vc_column_text]<\/p>\n<div class=\"fas fa-check sitecolor\"><\/div>\n<p>[\/vc_column_text][\/vc_column_inner][vc_column_inner el_class=&#8221;rowsremain last&#8221; width=&#8221;1\/4&#8243;][vc_column_text]<\/p>\n<div class=\"fas fa-check sitecolor\"><\/div>\n<p>[\/vc_column_text][\/vc_column_inner][\/vc_row_inner][vc_row_inner king_class=&#8221;td&#8221;][vc_column_inner el_class=&#8221;first rowfirst&#8221; width=&#8221;1\/4&#8243;][vc_column_text]Soporte T\u00e9cnico[\/vc_column_text][\/vc_column_inner][vc_column_inner el_class=&#8221;rowsremain&#8221; width=&#8221;1\/4&#8243;][vc_column_text]<\/p>\n<div class=\"fas fa-check sitecolor\"><\/div>\n<p>[\/vc_column_text][\/vc_column_inner][vc_column_inner el_class=&#8221;rowsremain&#8221; width=&#8221;1\/4&#8243;][vc_column_text]<\/p>\n<div class=\"fas fa-check sitecolor\"><\/div>\n<p>[\/vc_column_text][\/vc_column_inner][vc_column_inner el_class=&#8221;rowsremain&#8221; width=&#8221;1\/4&#8243;][vc_column_text]<\/p>\n<div class=\"fas fa-check sitecolor\"><\/div>\n<p>[\/vc_column_text][\/vc_column_inner][\/vc_row_inner][vc_row_inner king_class=&#8221;th&#8221;][vc_column_inner el_class=&#8221;first rowfirst&#8221; width=&#8221;1\/4&#8243;][vc_column_text]Discos en RAID[\/vc_column_text][\/vc_column_inner][vc_column_inner el_class=&#8221;rowsremain&#8221; width=&#8221;1\/4&#8243;][vc_column_text]<\/p>\n<div class=\"fas fa-check sitecolor\"><\/div>\n<p>[\/vc_column_text][\/vc_column_inner][vc_column_inner el_class=&#8221;rowsremain&#8221; width=&#8221;1\/4&#8243;][vc_column_text]<\/p>\n<div class=\"fas fa-check sitecolor\"><\/div>\n<p>[\/vc_column_text][\/vc_column_inner][vc_column_inner el_class=&#8221;rowsremain last&#8221; width=&#8221;1\/4&#8243;][vc_column_text]<\/p>\n<div class=\"fas fa-check sitecolor\"><\/div>\n<p>[\/vc_column_text][\/vc_column_inner][\/vc_row_inner][vc_row_inner king_class=&#8221;td&#8221;][vc_column_inner el_class=&#8221;first rowfirst&#8221; width=&#8221;1\/4&#8243;][vc_column_text]<\/p>\n<p>99.9% Uptime Guarantee<\/p>\n<p>[\/vc_column_text][\/vc_column_inner][vc_column_inner el_class=&#8221;rowsremain&#8221; width=&#8221;1\/4&#8243;][vc_column_text]<\/p>\n<div class=\"fas fa-check sitecolor\"><\/div>\n<p>[\/vc_column_text][\/vc_column_inner][vc_column_inner el_class=&#8221;rowsremain&#8221; width=&#8221;1\/4&#8243;][vc_column_text]<\/p>\n<div class=\"fas fa-check sitecolor\"><\/div>\n<p>[\/vc_column_text][\/vc_column_inner][vc_column_inner el_class=&#8221;rowsremain last&#8221; width=&#8221;1\/4&#8243;][vc_column_text]<\/p>\n<div class=\"fas fa-check sitecolor\"><\/div>\n<p>[\/vc_column_text][\/vc_column_inner][\/vc_row_inner][vc_row_inner king_class=&#8221;first-row&#8221;][vc_column_inner el_class=&#8221;first rowfirst&#8221; el_animate=&#8221;animated eff-fadeIn&#8221; width=&#8221;1\/4&#8243; el_delay=&#8221;200&#8243;]<br \/>\n[\/vc_column_inner][vc_column_inner el_class=&#8221;rowsremain&#8221; el_animate=&#8221;animated eff-fadeIn&#8221; width=&#8221;1\/4&#8243; el_delay=&#8221;300&#8243;][vc_column_text el_class=&#8221;prices&#8221;]<strong>$59.500<i>\/Mensual<\/i><\/strong><b><\/b><a href=\"https:\/\/clientes.hostingcapital.cl\/cart.php?a=add&amp;pid=61\">Contratar<\/a>[\/vc_column_text][\/vc_column_inner][vc_column_inner el_class=&#8221;rowsremain first-row center&#8221; el_animate=&#8221;animated eff-fadeIn&#8221; width=&#8221;1\/4&#8243; el_delay=&#8221;400&#8243;][vc_column_text el_class=&#8221;prices&#8221;]<strong>$89.250<i>\/Mensual<\/i><\/strong><b><\/b><a href=\"https:\/\/clientes.hostingcapital.cl\/cart.php?a=add&amp;pid=60\">Contratar<\/a>[\/vc_column_text][\/vc_column_inner][vc_column_inner el_class=&#8221;rowsremain last&#8221; el_animate=&#8221;animated eff-fadeIn&#8221; width=&#8221;1\/4&#8243; el_delay=&#8221;500&#8243;][vc_column_text el_class=&#8221;prices&#8221;]<strong>$130.900<i>\/Mensual<\/i><\/strong><b><\/b><a href=\"https:\/\/clientes.hostingcapital.cl\/cart.php?a=add&amp;pid=66\">Contratar<\/a>[\/vc_column_text][\/vc_column_inner][\/vc_row_inner][\/vc_column][\/vc_row][vc_row king_class=&#8221;feature_section7&#8243;][vc_column]<h1 class=\"caps\"><strong>\nTodos nuestros planes incluyen\n<\/strong><\/h1><div class=\"clearfix margin_top2\"><\/div>[vc_column_text el_class=&#8221;one_fifth_less&#8221;]<\/p>\n<h5 class=\"caps\"><i class=\"fa fa-database\"><\/i>Ilimitadas Bases de Datos<\/h5>\n<p>[\/vc_column_text][vc_column_text el_class=&#8221;one_fifth_less&#8221;]<\/p>\n<h5 class=\"caps\"><i class=\"fa fa-rocket\"><\/i>99.9% Uptime Garantizado<\/h5>\n<p>[\/vc_column_text][vc_column_text el_class=&#8221;one_fifth_less last&#8221;]<\/p>\n<h5 class=\"caps\"><i class=\"fa fa-coffee\"><\/i>Panel de Control cPanel<\/h5>\n<p>[\/vc_column_text][vc_column_text el_class=&#8221;one_fifth_less&#8221;]<\/p>\n<h5 class=\"caps\"><i class=\"fa fa-lock\"><\/i> Certificado SSL<\/h5>\n<p>[\/vc_column_text][vc_column_text el_class=&#8221;one_fifth_less last&#8221;]<\/p>\n<h5 class=\"caps\"><i class=\"fa fa-headphones\"><\/i> 24\/7\/365 Soporte<\/h5>\n<p>[\/vc_column_text][\/vc_column][\/vc_row][vc_row king_class=&#8221;feature_section9&#8243;][vc_column]<h1 class=\"caps\"><strong>\nFAQ - PREGUNTAS FRECUENTES\n<\/strong><\/h1><div class=\"clearfix margin_top3\"><\/div>[vc_row_inner][vc_column_inner el_class=&#8221;one_half&#8221; width=&#8221;1\/2&#8243;][vc_column_text el_class=&#8221;box&#8221;]<\/p>\n<h4 class=\"caps\"><strong>\u00bfCU\u00c1LES SISTEMAS OPERATIVOS PUEDO ELEGIR?<\/strong><\/h4>\n<p class=\"bigtfont\">Puede elegir cualquier Distribuci\u00f3n de Linux, en 32 o 64 bits, en cualquier versi\u00f3n. Por ejemplo, Debian, Ubuntu, Fedora, CentOS, etc.<\/p>\n<p>[\/vc_column_text][vc_column_text el_class=&#8221;box&#8221;]<\/p>\n<h4 class=\"caps\"><strong>\u00bfPUEDO USAR EL VPS PARA ENVIAR SPAM?<\/strong><\/h4>\n<p class=\"bigtfont\">No. El env\u00edo de SPAM est\u00e1 prohibido desde nuestra red. Recuerde que el SPAM se define como correo electr\u00f3nico masivo y no solicitado.<\/p>\n<p>[\/vc_column_text][vc_column_text el_class=&#8221;box&#8221;]<\/p>\n<h4 class=\"caps\"><strong>\u00bfCU\u00c1NTO SE DEMORA EN ENTREGAR EL VPS?<\/strong><\/h4>\n<p class=\"bigtfont\">Si usted ha solicitado panel de control cPanel, puede tardar hasta cinco horas. Si no lo solicita, en 30 minutos ya podr\u00e1 utilizarlo.<\/p>\n<p>[\/vc_column_text][\/vc_column_inner][vc_column_inner el_class=&#8221;one_half last&#8221; width=&#8221;1\/2&#8243;][vc_column_text el_class=&#8221;box&#8221;]<\/p>\n<h4 class=\"caps\"><strong>\u00bfPUEDO MONTAR UN SERVIDOR DE JUEGOS?<\/strong><\/h4>\n<p class=\"bigtfont\">No. Nuestras Pol\u00edticas de Servicio no permiten montar servidores de juegos en VPS. Puede contratar un servidor dedicado peque\u00f1o para esta funci\u00f3n.<\/p>\n<p>[\/vc_column_text][vc_column_text el_class=&#8221;box&#8221;]<\/p>\n<h4 class=\"caps\"><strong>\u00bfPUEDO COMENZAR MI EMPRESA DE HOSTING CON UN VPS?<\/strong><\/h4>\n<p class=\"bigtfont\">Claro que s\u00ed. Sin duda es la mejor opci\u00f3n. Nosotros le ayudaremos en lo que usted necesite. Tenemos cPanel, Pyxsoft Anti Malware y Anti Spam Chile para ayudarle.<\/p>\n<p>[\/vc_column_text][vc_column_text el_class=&#8221;box&#8221;]<\/p>\n<h4 class=\"caps\"><strong>\u00bfQUE NECESITO PARA INSTALAR CPANEL EN MI VPS?<\/strong><\/h4>\n<p class=\"bigtfont\">Podemos entregarle el VPS con cPanel instalado. Necesita sistema operativo CentOS de 32 o 64 bits y la licencia de cPanel que puede adquirirla en el proceso de contrataci\u00f3n del VPS<\/p>\n<p>[\/vc_column_text][\/vc_column_inner][\/vc_row_inner][\/vc_column][\/vc_row]<\/p>\n","protected":false},"excerpt":{"rendered":"<p>[vc_row king_class=&#8221;price_compare&#8221; king_class_container=&#8221;table-wrapper&#8221;][vc_column][vc_row_inner][vc_column_inner el_class=&#8221;first rowfirst first-row&#8221; el_animate=&#8221;animated eff-fadeIn&#8221; width=&#8221;1\/4&#8243; el_delay=&#8221;200&#8243;][vc_column_text el_class=&#8221;title&#8221;] Caracter\u00edsticas ELIGE TU PLAN [\/vc_column_text][\/vc_column_inner][vc_column_inner el_class=&#8221;rowsremain first-row&#8221; el_animate=&#8221;animated eff-fadeIn&#8221; width=&#8221;1\/4&#8243; el_delay=&#8221;300&#8243;][vc_column_text el_class=&#8221;prices&#8221;] VPS-50 $59.500\/MensualContratar[\/vc_column_text][\/vc_column_inner][vc_column_inner el_class=&#8221;rowsremain first-row center&#8221; el_animate=&#8221;animated eff-fadeIn&#8221; width=&#8221;1\/4&#8243; el_delay=&#8221;400&#8243;][vc_column_text el_class=&#8221;prices&#8221;] Mejor Precio VPS-100 $89.250\/MensualContratar[\/vc_column_text][\/vc_column_inner][vc_column_inner el_class=&#8221;rowsremain first-row last&#8221; el_animate=&#8221;animated eff-fadeIn&#8221; width=&#8221;1\/4&#8243; el_delay=&#8221;500&#8243;][vc_column_text el_class=&#8221;prices&#8221;] VPS-150 $130.900\/MensualContratar[\/vc_column_text][\/vc_column_inner][\/vc_row_inner][vc_row_inner king_class=&#8221;th&#8221;][vc_column_inner el_class=&#8221;first rowfirst&#8221; width=&#8221;1\/4&#8243;][vc_column_text]Espacio en disco[\/vc_column_text][\/vc_column_inner][vc_column_inner el_class=&#8221;rowsremain&#8221; width=&#8221;1\/4&#8243;][vc_column_text]50 [&hellip;]<\/p>\n","protected":false},"author":1,"featured_media":0,"parent":0,"menu_order":0,"comment_status":"closed","ping_status":"open","template":"templates\/page-full.php","meta":{"footnotes":"","_joinchat":[]},"_links":{"self":[{"href":"https:\/\/www.hostingcapital.cl\/new\/wp-json\/wp\/v2\/pages\/1568"}],"collection":[{"href":"https:\/\/www.hostingcapital.cl\/new\/wp-json\/wp\/v2\/pages"}],"about":[{"href":"https:\/\/www.hostingcapital.cl\/new\/wp-json\/wp\/v2\/types\/page"}],"author":[{"embeddable":true,"href":"https:\/\/www.hostingcapital.cl\/new\/wp-json\/wp\/v2\/users\/1"}],"replies":[{"embeddable":true,"href":"https:\/\/www.hostingcapital.cl\/new\/wp-json\/wp\/v2\/comments?post=1568"}],"version-history":[{"count":13,"href":"https:\/\/www.hostingcapital.cl\/new\/wp-json\/wp\/v2\/pages\/1568\/revisions"}],"predecessor-version":[{"id":2192,"href":"https:\/\/www.hostingcapital.cl\/new\/wp-json\/wp\/v2\/pages\/1568\/revisions\/2192"}],"wp:attachment":[{"href":"https:\/\/www.hostingcapital.cl\/new\/wp-json\/wp\/v2\/media?parent=1568"}],"curies":[{"name":"wp","href":"https:\/\/api.w.org\/{rel}","templated":true}]}}